{"id":662,"date":"2024-09-04T09:24:28","date_gmt":"2024-09-04T07:24:28","guid":{"rendered":"https:\/\/bigletter.at\/faq\/"},"modified":"2024-09-15T21:04:25","modified_gmt":"2024-09-15T19:04:25","slug":"faq","status":"publish","type":"page","link":"https:\/\/bigletter.at\/cs\/faq\/","title":{"rendered":"FAQ"},"content":{"rendered":"","protected":false},"excerpt":{"rendered":"","protected":false},"author":1,"featured_media":0,"parent":0,"menu_order":0,"comment_status":"closed","ping_status":"closed","template":"template-faq.php","meta":{"_acf_changed":false,"footnotes":""},"class_list":["post-662","page","type-page","status-publish","hentry"],"acf":[],"yoast_head":"<!-- This site is optimized with the Yoast SEO Premium plugin v24.3 (Yoast SEO v27.5) - https:\/\/yoast.com\/product\/yoast-seo-premium-wordpress\/ -->\n<title>FAQ - BigLetter<\/title>\n<meta name=\"description\" content=\"p\u0159eklad z angli\u010dtiny do \u010de\u0161tiny faq, p\u0159eklad z \u010de\u0161tiny do angli\u010dtiny, p\u0159eklad do \u010de\u0161tiny online, p\u0159eklad z \u010de\u0161tiny do n\u011bm\u010diny,\" \/>\n<meta name=\"robots\" content=\"index, follow, max-snippet:-1, max-image-preview:large, max-video-preview:-1\" \/>\n<link rel=\"canonical\" href=\"https:\/\/bigletter.at\/cs\/faq\/\" \/>\n<meta property=\"og:locale\" content=\"cs_CZ\" \/>\n<meta property=\"og:type\" content=\"article\" \/>\n<meta property=\"og:title\" content=\"FAQ\" \/>\n<meta property=\"og:description\" content=\"p\u0159eklad z angli\u010dtiny do \u010de\u0161tiny faq, p\u0159eklad z \u010de\u0161tiny do angli\u010dtiny, p\u0159eklad do \u010de\u0161tiny online, p\u0159eklad z \u010de\u0161tiny do n\u011bm\u010diny,\" \/>\n<meta property=\"og:url\" content=\"https:\/\/bigletter.at\/cs\/faq\/\" \/>\n<meta property=\"og:site_name\" content=\"BigLetter\" \/>\n<meta property=\"article:modified_time\" content=\"2024-09-15T19:04:25+00:00\" \/>\n<meta property=\"og:image\" content=\"https:\/\/bigletter.at\/wp-content\/uploads\/2024\/09\/1200x630-1.jpg\" \/>\n\t<meta property=\"og:image:width\" content=\"1200\" \/>\n\t<meta property=\"og:image:height\" content=\"630\" \/>\n\t<meta property=\"og:image:type\" content=\"image\/jpeg\" \/>\n<meta name=\"twitter:card\" content=\"summary_large_image\" \/>\n<script type=\"application\/ld+json\" class=\"yoast-schema-graph\">{\"@context\":\"https:\\\/\\\/schema.org\",\"@graph\":[{\"@type\":\"WebPage\",\"@id\":\"https:\\\/\\\/bigletter.at\\\/cs\\\/faq\\\/\",\"url\":\"https:\\\/\\\/bigletter.at\\\/cs\\\/faq\\\/\",\"name\":\"FAQ - BigLetter\",\"isPartOf\":{\"@id\":\"https:\\\/\\\/bigletter.at\\\/cs\\\/#website\"},\"datePublished\":\"2024-09-04T07:24:28+00:00\",\"dateModified\":\"2024-09-15T19:04:25+00:00\",\"description\":\"p\u0159eklad z angli\u010dtiny do \u010de\u0161tiny faq, p\u0159eklad z \u010de\u0161tiny do angli\u010dtiny, p\u0159eklad do \u010de\u0161tiny online, p\u0159eklad z \u010de\u0161tiny do n\u011bm\u010diny,\",\"breadcrumb\":{\"@id\":\"https:\\\/\\\/bigletter.at\\\/cs\\\/faq\\\/#breadcrumb\"},\"inLanguage\":\"cs\",\"potentialAction\":[{\"@type\":\"ReadAction\",\"target\":[\"https:\\\/\\\/bigletter.at\\\/cs\\\/faq\\\/\"]}]},{\"@type\":\"BreadcrumbList\",\"@id\":\"https:\\\/\\\/bigletter.at\\\/cs\\\/faq\\\/#breadcrumb\",\"itemListElement\":[{\"@type\":\"ListItem\",\"position\":1,\"name\":\"Strona g\u0142\u00f3wna\",\"item\":\"https:\\\/\\\/bigletter.at\\\/cs\\\/\"},{\"@type\":\"ListItem\",\"position\":2,\"name\":\"FAQ\"}]},{\"@type\":\"WebSite\",\"@id\":\"https:\\\/\\\/bigletter.at\\\/cs\\\/#website\",\"url\":\"https:\\\/\\\/bigletter.at\\\/cs\\\/\",\"name\":\"BigLetter\",\"description\":\"\",\"potentialAction\":[{\"@type\":\"SearchAction\",\"target\":{\"@type\":\"EntryPoint\",\"urlTemplate\":\"https:\\\/\\\/bigletter.at\\\/cs\\\/?s={search_term_string}\"},\"query-input\":{\"@type\":\"PropertyValueSpecification\",\"valueRequired\":true,\"valueName\":\"search_term_string\"}}],\"inLanguage\":\"cs\"}]}<\/script>\n<!-- \/ Yoast SEO Premium plugin. -->","yoast_head_json":{"title":"FAQ - BigLetter","description":"p\u0159eklad z angli\u010dtiny do \u010de\u0161tiny faq, p\u0159eklad z \u010de\u0161tiny do angli\u010dtiny, p\u0159eklad do \u010de\u0161tiny online, p\u0159eklad z \u010de\u0161tiny do n\u011bm\u010diny,","robots":{"index":"index","follow":"follow","max-snippet":"max-snippet:-1","max-image-preview":"max-image-preview:large","max-video-preview":"max-video-preview:-1"},"canonical":"https:\/\/bigletter.at\/cs\/faq\/","og_locale":"cs_CZ","og_type":"article","og_title":"FAQ","og_description":"p\u0159eklad z angli\u010dtiny do \u010de\u0161tiny faq, p\u0159eklad z \u010de\u0161tiny do angli\u010dtiny, p\u0159eklad do \u010de\u0161tiny online, p\u0159eklad z \u010de\u0161tiny do n\u011bm\u010diny,","og_url":"https:\/\/bigletter.at\/cs\/faq\/","og_site_name":"BigLetter","article_modified_time":"2024-09-15T19:04:25+00:00","og_image":[{"width":1200,"height":630,"url":"https:\/\/bigletter.at\/wp-content\/uploads\/2024\/09\/1200x630-1.jpg","type":"image\/jpeg"}],"twitter_card":"summary_large_image","schema":{"@context":"https:\/\/schema.org","@graph":[{"@type":"WebPage","@id":"https:\/\/bigletter.at\/cs\/faq\/","url":"https:\/\/bigletter.at\/cs\/faq\/","name":"FAQ - BigLetter","isPartOf":{"@id":"https:\/\/bigletter.at\/cs\/#website"},"datePublished":"2024-09-04T07:24:28+00:00","dateModified":"2024-09-15T19:04:25+00:00","description":"p\u0159eklad z angli\u010dtiny do \u010de\u0161tiny faq, p\u0159eklad z \u010de\u0161tiny do angli\u010dtiny, p\u0159eklad do \u010de\u0161tiny online, p\u0159eklad z \u010de\u0161tiny do n\u011bm\u010diny,","breadcrumb":{"@id":"https:\/\/bigletter.at\/cs\/faq\/#breadcrumb"},"inLanguage":"cs","potentialAction":[{"@type":"ReadAction","target":["https:\/\/bigletter.at\/cs\/faq\/"]}]},{"@type":"BreadcrumbList","@id":"https:\/\/bigletter.at\/cs\/faq\/#breadcrumb","itemListElement":[{"@type":"ListItem","position":1,"name":"Strona g\u0142\u00f3wna","item":"https:\/\/bigletter.at\/cs\/"},{"@type":"ListItem","position":2,"name":"FAQ"}]},{"@type":"WebSite","@id":"https:\/\/bigletter.at\/cs\/#website","url":"https:\/\/bigletter.at\/cs\/","name":"BigLetter","description":"","potentialAction":[{"@type":"SearchAction","target":{"@type":"EntryPoint","urlTemplate":"https:\/\/bigletter.at\/cs\/?s={search_term_string}"},"query-input":{"@type":"PropertyValueSpecification","valueRequired":true,"valueName":"search_term_string"}}],"inLanguage":"cs"}]}},"_links":{"self":[{"href":"https:\/\/bigletter.at\/cs\/wp-json\/wp\/v2\/pages\/662","targetHints":{"allow":["GET"]}}],"collection":[{"href":"https:\/\/bigletter.at\/cs\/wp-json\/wp\/v2\/pages"}],"about":[{"href":"https:\/\/bigletter.at\/cs\/wp-json\/wp\/v2\/types\/page"}],"author":[{"embeddable":true,"href":"https:\/\/bigletter.at\/cs\/wp-json\/wp\/v2\/users\/1"}],"replies":[{"embeddable":true,"href":"https:\/\/bigletter.at\/cs\/wp-json\/wp\/v2\/comments?post=662"}],"version-history":[{"count":3,"href":"https:\/\/bigletter.at\/cs\/wp-json\/wp\/v2\/pages\/662\/revisions"}],"predecessor-version":[{"id":1089,"href":"https:\/\/bigletter.at\/cs\/wp-json\/wp\/v2\/pages\/662\/revisions\/1089"}],"wp:attachment":[{"href":"https:\/\/bigletter.at\/cs\/wp-json\/wp\/v2\/media?parent=662"}],"curies":[{"name":"wp","href":"https:\/\/api.w.org\/{rel}","templated":true}]}}